{"id":8,"date":"2021-05-12T09:29:20","date_gmt":"2021-05-12T09:29:20","guid":{"rendered":"https:\/\/test.felgadron.de\/?page_id=8"},"modified":"2021-05-12T10:37:38","modified_gmt":"2021-05-12T10:37:38","slug":"ueber-uns","status":"publish","type":"page","link":"https:\/\/test.felgadron.de\/?page_id=8","title":{"rendered":"\u00dcber uns"},"content":{"rendered":"\n<p>Sie haben Fragen wie sie die IT-Infrasturktur ihrer Firma optimieren k\u00f6nnen?<\/p>\n\n\n\n<p>Sie sind auf der Suche nach einer M\u00f6glichkeit eine Veranstaltung ins Internet zu \u00fcbertragen?<\/p>\n\n\n\n<p>Kommen sie auf uns zu.<\/p>\n\n\n\n<p><\/p>\n","protected":false},"excerpt":{"rendered":"<p>Sie haben Fragen wie sie die IT-Infrasturktur ihrer Firma optimieren k\u00f6nnen? Sie sind auf der Suche nach einer M\u00f6glichkeit eine Veranstaltung ins Internet zu \u00fcbertragen? Kommen sie auf uns zu.<\/p>\n","protected":false},"author":1,"featured_media":0,"parent":0,"menu_order":0,"comment_status":"closed","ping_status":"closed","template":"","meta":{"footnotes":""},"class_list":["post-8","page","type-page","status-publish","hentry","entry"],"_links":{"self":[{"href":"https:\/\/test.felgadron.de\/index.php?rest_route=\/wp\/v2\/pages\/8","targetHints":{"allow":["GET"]}}],"collection":[{"href":"https:\/\/test.felgadron.de\/index.php?rest_route=\/wp\/v2\/pages"}],"about":[{"href":"https:\/\/test.felgadron.de\/index.php?rest_route=\/wp\/v2\/types\/page"}],"author":[{"embeddable":true,"href":"https:\/\/test.felgadron.de\/index.php?rest_route=\/wp\/v2\/users\/1"}],"replies":[{"embeddable":true,"href":"https:\/\/test.felgadron.de\/index.php?rest_route=%2Fwp%2Fv2%2Fcomments&post=8"}],"version-history":[{"count":3,"href":"https:\/\/test.felgadron.de\/index.php?rest_route=\/wp\/v2\/pages\/8\/revisions"}],"predecessor-version":[{"id":25,"href":"https:\/\/test.felgadron.de\/index.php?rest_route=\/wp\/v2\/pages\/8\/revisions\/25"}],"wp:attachment":[{"href":"https:\/\/test.felgadron.de\/index.php?rest_route=%2Fwp%2Fv2%2Fmedia&parent=8"}],"curies":[{"name":"wp","href":"https:\/\/api.w.org\/{rel}","templated":true}]}}